{"id":3176,"date":"2024-03-08T17:48:29","date_gmt":"2024-03-08T16:48:29","guid":{"rendered":"https:\/\/dunevents.com\/bonjour\/"},"modified":"2024-03-08T20:04:25","modified_gmt":"2024-03-08T19:04:25","slug":"bonjour","status":"publish","type":"page","link":"https:\/\/dunevents.com\/fr\/bonjour\/","title":{"rendered":"Bonjour"},"content":{"rendered":"\t\t<div data-elementor-type=\"wp-page\" data-elementor-id=\"3176\" class=\"elementor elementor-3176 elementor-2707\" data-elementor-post-type=\"page\">\n\t\t\t\t\t\t<section class=\"elementor-section elementor-top-section elementor-element elementor-element-2d538d4 elementor-section-boxed elementor-section-height-default elementor-section-height-default\" data-id=\"2d538d4\" data-element_type=\"section\" data-e-type=\"section\">\n\t\t\t\t\t\t<div class=\"elementor-container elementor-column-gap-default\">\n\t\t\t\t\t<div class=\"elementor-column elementor-col-100 elementor-top-column elementor-element elementor-element-915b013\" data-id=\"915b013\" data-element_type=\"column\" data-e-type=\"column\">\n\t\t\t<div class=\"elementor-widget-wrap elementor-element-populated\">\n\t\t\t\t\t\t<div class=\"elementor-element elementor-element-8479250 elementor-widget elementor-widget-heading\" data-id=\"8479250\" data-element_type=\"widget\" data-e-type=\"widget\" data-widget_type=\"heading.default\">\n\t\t\t\t<div class=\"elementor-widget-container\">\n\t\t\t\t\t<h2 class=\"elementor-heading-title elementor-size-default\">Offrez \u00e0 vos prospects l'exp\u00e9rience de votre salon <\/h2>\t\t\t\t<\/div>\n\t\t\t\t<\/div>\n\t\t\t\t<div class=\"elementor-element elementor-element-81c6a39 elementor-widget elementor-widget-text-editor\" data-id=\"81c6a39\" data-element_type=\"widget\" data-e-type=\"widget\" data-widget_type=\"text-editor.default\">\n\t\t\t\t<div class=\"elementor-widget-container\">\n\t\t\t\t\t\t\t\t\t<p>Nous cr\u00e9ons une vid\u00e9o interactive \u00e0 360\u00b0 de vos points d&rsquo;int\u00e9r\u00eat (entr\u00e9es, stands, conf\u00e9rences, etc.) afin de pr\u00e9senter efficacement votre singularit\u00e9 sur votre site web, votre casque VR, vos e-mails, vos m\u00e9dias sociaux et vos r\u00e9unions d&rsquo;affaires.<\/p>\n\t\t\t\t\t\t\t\t<\/div>\n\t\t\t\t<\/div>\n\t\t\t\t\t<\/div>\n\t\t<\/div>\n\t\t\t\t\t<\/div>\n\t\t<\/section>\n\t\t\t\t<\/div>\n\t\t","protected":false},"excerpt":{"rendered":"<p>Offrez \u00e0 vos prospects l&rsquo;exp\u00e9rience de votre salon Nous cr\u00e9ons une vid\u00e9o interactive \u00e0 360\u00b0 de vos points d&rsquo;int\u00e9r\u00eat (entr\u00e9es, stands, conf\u00e9rences, etc.) afin de pr\u00e9senter efficacement votre singularit\u00e9 sur votre site web, votre casque VR, vos e-mails, vos m\u00e9dias sociaux et vos r\u00e9unions d&rsquo;affaires.<\/p>\n","protected":false},"author":1,"featured_media":0,"parent":0,"menu_order":0,"comment_status":"closed","ping_status":"closed","template":"","meta":{"_acf_changed":false,"footnotes":""},"class_list":["post-3176","page","type-page","status-publish","hentry"],"acf":[],"_links":{"self":[{"href":"https:\/\/dunevents.com\/fr\/wp-json\/wp\/v2\/pages\/3176","targetHints":{"allow":["GET"]}}],"collection":[{"href":"https:\/\/dunevents.com\/fr\/wp-json\/wp\/v2\/pages"}],"about":[{"href":"https:\/\/dunevents.com\/fr\/wp-json\/wp\/v2\/types\/page"}],"author":[{"embeddable":true,"href":"https:\/\/dunevents.com\/fr\/wp-json\/wp\/v2\/users\/1"}],"replies":[{"embeddable":true,"href":"https:\/\/dunevents.com\/fr\/wp-json\/wp\/v2\/comments?post=3176"}],"version-history":[{"count":1,"href":"https:\/\/dunevents.com\/fr\/wp-json\/wp\/v2\/pages\/3176\/revisions"}],"predecessor-version":[{"id":3189,"href":"https:\/\/dunevents.com\/fr\/wp-json\/wp\/v2\/pages\/3176\/revisions\/3189"}],"wp:attachment":[{"href":"https:\/\/dunevents.com\/fr\/wp-json\/wp\/v2\/media?parent=3176"}],"curies":[{"name":"wp","href":"https:\/\/api.w.org\/{rel}","templated":true}]}}